{"id":10784,"date":"2022-10-09T10:20:37","date_gmt":"2022-10-09T10:20:37","guid":{"rendered":"https:\/\/kodesolution.com\/2022\/orgonic\/?page_id=10784"},"modified":"2023-08-16T23:15:56","modified_gmt":"2023-08-16T23:15:56","slug":"que-es-el-si","status":"publish","type":"page","link":"https:\/\/ejecafeterorap.gov.co\/sistemadeinformacion\/que-es-el-si\/","title":{"rendered":"\u00bfQu\u00e9 es el SI?"},"content":{"rendered":"\t\t<div data-elementor-type=\"wp-page\" data-elementor-id=\"10784\" class=\"elementor elementor-10784\" data-elementor-post-type=\"page\">\n\t\t\t\t\t\t<section class=\"elementor-section elementor-top-section elementor-element elementor-element-bee20d2 elementor-section-full_width elementor-section-stretched elementor-section-height-default elementor-section-height-default tm-col-stretched-none tm-bg-color-over-image\" data-id=\"bee20d2\" data-element_type=\"section\" data-settings=\"{&quot;stretch_section&quot;:&quot;section-stretched&quot;}\">\n\t\t\t\t\t\t<div class=\"elementor-container elementor-column-gap-no\">\n\t\t\t\t\t<div class=\"elementor-column elementor-col-100 elementor-top-column elementor-element elementor-element-555361a tm-bg-color-over-image\" data-id=\"555361a\" data-element_type=\"column\">\n\t\t\t<div class=\"elementor-widget-wrap elementor-element-populated\">\n\t\t\t\t\t\t<div class=\"elementor-element elementor-element-094e33c elementor-widget__width-auto elementor-absolute elementor-widget elementor-widget-tm-ele-animated-layers\" data-id=\"094e33c\" data-element_type=\"widget\" data-settings=\"{&quot;_position&quot;:&quot;absolute&quot;}\" data-widget_type=\"tm-ele-animated-layers.default\">\n\t\t\t\t<div class=\"elementor-widget-container\">\n\t\t\t\t\t\t\t<div class=\"tm-sc-animated-layer-advanced \">\r\n\t\t\t<div class=\"animated-layer-advanced-inner clearfix\">\r\n\t<div class=\"layer-image-wrapper tm-animation-floating layer-blank  elementor-repeater-item-7d713aa\" style=\"\">\r\n\t<div class=\"layer-inner\">\r\n\t<\/div>\r\n<\/div>\r\n\t\t\t<\/div>\r\n\t\t\t<div class=\"clearfix\"><\/div>\r\n\t\t<\/div>\r\n\t\t\t\t\t<\/div>\n\t\t\t\t<\/div>\n\t\t\t\t\t<\/div>\n\t\t<\/div>\n\t\t\t\t\t<\/div>\n\t\t<\/section>\n\t\t\t\t<section class=\"elementor-section elementor-top-section elementor-element elementor-element-950e86b elementor-section-stretched elementor-section-boxed elementor-section-height-default elementor-section-height-default tm-col-stretched-none tm-bg-color-over-image\" data-id=\"950e86b\" data-element_type=\"section\" data-settings=\"{&quot;stretch_section&quot;:&quot;section-stretched&quot;,&quot;background_background&quot;:&quot;classic&quot;}\">\n\t\t\t\t\t\t\t<div class=\"elementor-background-overlay\"><\/div>\n\t\t\t\t\t\t\t<div class=\"elementor-container elementor-column-gap-extended\">\n\t\t\t\t\t<div class=\"elementor-column elementor-col-100 elementor-top-column elementor-element elementor-element-18c3d87 tm-bg-color-over-image\" data-id=\"18c3d87\" data-element_type=\"column\">\n\t\t\t<div class=\"elementor-widget-wrap elementor-element-populated\">\n\t\t\t\t\t\t<section class=\"elementor-section elementor-inner-section elementor-element elementor-element-9e2a297 elementor-section-boxed elementor-section-height-default elementor-section-height-default tm-col-stretched-none tm-bg-color-over-image\" data-id=\"9e2a297\" data-element_type=\"section\">\n\t\t\t\t\t\t<div class=\"elementor-container elementor-column-gap-extended\">\n\t\t\t\t\t<div class=\"elementor-column elementor-col-33 elementor-inner-column elementor-element elementor-element-c8ab5b9 tm-bg-color-over-image\" data-id=\"c8ab5b9\" data-element_type=\"column\">\n\t\t\t<div class=\"elementor-widget-wrap elementor-element-populated\">\n\t\t\t\t\t\t<div class=\"elementor-element elementor-element-b83d99d elementor-widget elementor-widget-tm-ele-animated-layers\" data-id=\"b83d99d\" data-element_type=\"widget\" data-widget_type=\"tm-ele-animated-layers.default\">\n\t\t\t\t<div class=\"elementor-widget-container\">\n\t\t\t\t\t\t\t<div class=\"tm-sc-animated-layer-advanced \">\r\n\t\t\t<div class=\"animated-layer-advanced-inner clearfix\">\r\n\t\r\n<div class=\"layer-image-wrapper layer-image  layer-image-fullwidth elementor-repeater-item-0cea651\" style=\"\">\r\n\t<div class=\"layer-inner layer-image  \">\r\n\t\t<div class=\"layer-image-inner-wrapper image-hover-effect-shine\">\r\n\t\t\t<img fetchpriority=\"high\" decoding=\"async\" class=\"\" src=\"https:\/\/ejecafeterorap.gov.co\/sistemadeinformacion\/wp-content\/uploads\/sites\/7\/2023\/02\/ODS-600x800.webp\" width=\"600\" height=\"800\" alt=\"Image\">\r\n\t\t<\/div>\r\n\t<\/div>\r\n<\/div>\r\n\r\n<div class=\"layer-image-wrapper layer-image  layer-image-fullwidth elementor-repeater-item-22dc4cd\" style=\"\">\r\n\t<div class=\"layer-inner layer-image  \">\r\n\t\t<div class=\"layer-image-inner-wrapper image-hover-effect-shine\">\r\n\t\t\t<img decoding=\"async\" class=\"\" src=\"https:\/\/ejecafeterorap.gov.co\/sistemadeinformacion\/wp-content\/uploads\/sites\/7\/2023\/06\/FUERZA-550x550.webp\" width=\"550\" height=\"550\" alt=\"Image\">\r\n\t\t<\/div>\r\n\t<\/div>\r\n<\/div>\r\n<div class=\"layer-image-wrapper tm-animation-scale-right layer-blank  elementor-repeater-item-ba35187\" style=\"\">\r\n\t<div class=\"layer-inner\">\r\n\t<\/div>\r\n<\/div>\r\n\t\t\t<\/div>\r\n\t\t\t<div class=\"clearfix\"><\/div>\r\n\t\t<\/div>\r\n\t\t\t\t\t<\/div>\n\t\t\t\t<\/div>\n\t\t\t\t<div class=\"elementor-element elementor-element-4487e66 elementor-widget__width-initial elementor-widget-mobile__width-inherit elementor-widget elementor-widget-tm-ele-funfact-counter\" data-id=\"4487e66\" data-element_type=\"widget\" data-widget_type=\"tm-ele-funfact-counter.default\">\n\t\t\t\t<div class=\"elementor-widget-container\">\n\t\t\t\t\t\t<div class=\"tm-sc-funfact funfact-iconleft \">\r\n\t\t<div class=\"funfact-inner\">\r\n\t\t\t<div class=\"element-left\">\r\n\t\t\t\t\t\t\t\t<div class=\"funfact-icon\">\r\n<i aria-hidden=\"true\" class=\"fas fa-database\"><\/i><\/div>\t\t\t\t\t\t\t<\/div>\r\n\r\n\t\t\t\r\n\t\t\t<div class=\"details\">\r\n\t\t\t\t\t\t\t\t\t\t\t\t\t\t<h2 class=\"counter \">\r\n\t<span class=\"animate-number\" data-value=\"5600\" data-animation-duration=\"1500\">0<\/span><span class=\"counter-postfix\">+<\/span><\/h2>\r\n\t\t\t\t\t\t\t\t\t\t\r\n\t\t\t\t\t\t\t\t\t\t<div class=\"title-wrapper\">\r\n\r\n<h5 class=\"title \">Bases de datos<\/h5>\r\n<\/div>\t\t\t\t\t\t\t\t\t\t\t\t\t\r\n\t\t\t\t\t\t\t<\/div>\r\n\t\t<\/div>\r\n\t<\/div>\t\t\t\t<\/div>\n\t\t\t\t<\/div>\n\t\t\t\t\t<\/div>\n\t\t<\/div>\n\t\t\t\t<div class=\"elementor-column elementor-col-33 elementor-inner-column elementor-element elementor-element-4ec39f6 tm-bg-color-over-image\" data-id=\"4ec39f6\" data-element_type=\"column\">\n\t\t\t<div class=\"elementor-widget-wrap\">\n\t\t\t\t\t\t\t<\/div>\n\t\t<\/div>\n\t\t\t\t<div class=\"elementor-column elementor-col-33 elementor-inner-column elementor-element elementor-element-209f825 tm-bg-color-over-image\" data-id=\"209f825\" data-element_type=\"column\">\n\t\t\t<div class=\"elementor-widget-wrap elementor-element-populated\">\n\t\t\t\t\t\t<div class=\"elementor-element elementor-element-d4c9ff7 horizontal-line-align-left vertical-line-align-bottom elementor-widget elementor-widget-tm-ele-section-title\" data-id=\"d4c9ff7\" data-element_type=\"widget\" data-widget_type=\"tm-ele-section-title.default\">\n\t\t\t\t<div class=\"elementor-widget-container\">\n\t\t\t\t\t<div class=\"tm-sc-section-title section-title line-right-current-theme \">\r\n\t<div class=\"title-wrapper\">\r\n\t\t\t\t\t\t<h6 class=\"subtitle \">\r\n\r\n\t\t\r\n\t\tNUESTRO\t<\/h6>\r\n\t\t\t\t<h2 class=\"title \">\r\n\r\n\t\t\r\n\t\t\t\t<span class=\"title-part1 \">Sistema de Informaci\u00f3n RAP Eje Cafetero<\/span>\r\n\t\t\t\t\r\n\t\t\r\n\t<\/h2>\r\n\t<div class=\"title-seperator-line\"><\/div>\t\t\t\t\t\t<\/div>\r\n<\/div>\t\t\t\t<\/div>\n\t\t\t\t<\/div>\n\t\t\t\t<div class=\"elementor-element elementor-element-ccbe5c7 elementor-widget elementor-widget-tm-ele-text-editor\" data-id=\"ccbe5c7\" data-element_type=\"widget\" data-widget_type=\"tm-ele-text-editor.default\">\n\t\t\t\t<div class=\"elementor-widget-container\">\n\t\t\t\t\t\t\t<div class=\"tm-text-editor\">\r\n\t\t<p><span style=\"font-weight: 400;\">Un sistema de Informaci\u00f3n georeferenciado es una herramienta digital que permite realizar an\u00e1lisis de datos generados o recopilados de una zona o regi\u00f3n espec\u00edfica, enfoc\u00e1ndose en fen\u00f3menos espaciales que se relacionan entre s\u00ed a trav\u00e9s de atributos homog\u00e9neos. Estos atributos son desplegados a trav\u00e9s de tablas que permiten a nivel tecnol\u00f3gico ser procesados, y mediante motores gr\u00e1ficos, ilustrados, para tener una visi\u00f3n clara del territorio en diferentes aspectos.<\/span><\/p><p><\/p><p><span style=\"font-weight: 400;\">Debido a la naturaleza de la RAP Eje Cafetero como entidad planificadora de la regi\u00f3n, dise\u00f1\u00f3 un Sistema de Informaci\u00f3n como aplicativo de software, para hacer el seguimiento, evaluaci\u00f3n y monitoreo de los fen\u00f3menos espaciales\u00a0 en la regi\u00f3n de las siguientes tem\u00e1ticas: <\/span><b>Log\u00edstica y carga, Turismo, Gesti\u00f3n del Riesgo, Abastecimiento Alimentario, Precios de la canasta familiar, Movilidad y Exportaciones de Caf\u00e9, Producci\u00f3n Pecuaria, Instituciones Educativas, ODS.<\/b><\/p>\t\t<\/div>\r\n\t\t\t\t\t<\/div>\n\t\t\t\t<\/div>\n\t\t\t\t<section class=\"elementor-section elementor-inner-section elementor-element elementor-element-cf9ae9a elementor-section-boxed elementor-section-height-default elementor-section-height-default tm-col-stretched-none tm-bg-color-over-image\" data-id=\"cf9ae9a\" data-element_type=\"section\">\n\t\t\t\t\t\t<div class=\"elementor-container elementor-column-gap-extended\">\n\t\t\t\t\t<div class=\"elementor-column elementor-col-100 elementor-inner-column elementor-element elementor-element-a687eb4 tm-bg-color-over-image\" data-id=\"a687eb4\" data-element_type=\"column\">\n\t\t\t<div class=\"elementor-widget-wrap\">\n\t\t\t\t\t\t\t<\/div>\n\t\t<\/div>\n\t\t\t\t\t<\/div>\n\t\t<\/section>\n\t\t\t\t\t<\/div>\n\t\t<\/div>\n\t\t\t\t\t<\/div>\n\t\t<\/section>\n\t\t\t\t\t<\/div>\n\t\t<\/div>\n\t\t\t\t\t<\/div>\n\t\t<\/section>\n\t\t\t\t<section class=\"elementor-section elementor-top-section elementor-element elementor-element-eb2ce72 elementor-section-stretched elementor-section-boxed elementor-section-height-default elementor-section-height-default tm-col-stretched-none tm-bg-color-over-image\" data-id=\"eb2ce72\" data-element_type=\"section\" data-settings=\"{&quot;stretch_section&quot;:&quot;section-stretched&quot;,&quot;background_background&quot;:&quot;classic&quot;}\">\n\t\t\t\t\t\t<div class=\"elementor-container elementor-column-gap-extended\">\n\t\t\t\t\t<div class=\"elementor-column elementor-col-100 elementor-top-column elementor-element elementor-element-5b0a228 tm-bg-color-over-image\" data-id=\"5b0a228\" data-element_type=\"column\">\n\t\t\t<div class=\"elementor-widget-wrap elementor-element-populated\">\n\t\t\t\t\t\t<section class=\"elementor-section elementor-inner-section elementor-element elementor-element-fee9149 elementor-section-boxed elementor-section-height-default elementor-section-height-default tm-col-stretched-none tm-bg-color-over-image\" data-id=\"fee9149\" data-element_type=\"section\">\n\t\t\t\t\t\t<div class=\"elementor-container elementor-column-gap-extended\">\n\t\t\t\t\t<div class=\"elementor-column elementor-col-33 elementor-inner-column elementor-element elementor-element-fa427ab tm-bg-color-over-image\" data-id=\"fa427ab\" data-element_type=\"column\">\n\t\t\t<div class=\"elementor-widget-wrap elementor-element-populated\">\n\t\t\t\t\t\t<div class=\"elementor-element elementor-element-1cf6663 tm-counter-icon-top elementor-widget elementor-widget-tm-ele-counter\" data-id=\"1cf6663\" data-element_type=\"widget\" data-widget_type=\"tm-ele-counter.default\">\n\t\t\t\t<div class=\"elementor-widget-container\">\n\t\t\t\t\t<div class=\"counter-block\">\r\n\t<div class=\"inner\" style=\"--counter-current-style1-bg-featured-image: url('https:\/\/ejecafeterorap.gov.co\/sistemadeinformacion\/wp-content\/plugins\/mascot-core-oitech\/assets\/images\/current-theme\/pattern-1.png')\">\r\n\t\t\t\t\t\t<div class=\"funfact-icon\">\r\n<i aria-hidden=\"true\" class=\" flaticon-business-012-startup\"><\/i><\/div>\t\t\t\t\t<div class=\"count-box counted\">\r\n\t\t\t\t\t\t\t\t\t<h2 class=\"counter \">\r\n\t<span class=\"animate-number\" data-value=\"15000000\" data-animation-duration=\"1500\">0<\/span><\/h2>\r\n\t\t\t\t\t\t<\/div>\r\n\t\t\t\t\t<div class=\"title-wrapper\">\r\n\r\n<h4 class=\"title \">Cantidad de datos procesados<\/h4>\r\n<\/div>\t\t\t<\/div>\r\n<\/div>\t\t\t\t<\/div>\n\t\t\t\t<\/div>\n\t\t\t\t\t<\/div>\n\t\t<\/div>\n\t\t\t\t<div class=\"elementor-column elementor-col-33 elementor-inner-column elementor-element elementor-element-3a8b43b tm-bg-color-over-image\" data-id=\"3a8b43b\" data-element_type=\"column\">\n\t\t\t<div class=\"elementor-widget-wrap elementor-element-populated\">\n\t\t\t\t\t\t<div class=\"elementor-element elementor-element-57dad6e tm-counter-icon-top elementor-widget elementor-widget-tm-ele-counter\" data-id=\"57dad6e\" data-element_type=\"widget\" data-widget_type=\"tm-ele-counter.default\">\n\t\t\t\t<div class=\"elementor-widget-container\">\n\t\t\t\t\t<div class=\"counter-block\">\r\n\t<div class=\"inner\" style=\"--counter-current-style1-bg-featured-image: url('https:\/\/ejecafeterorap.gov.co\/sistemadeinformacion\/wp-content\/plugins\/mascot-core-oitech\/assets\/images\/current-theme\/pattern-1.png')\">\r\n\t\t\t\t\t\t<div class=\"funfact-icon\">\r\n<i aria-hidden=\"true\" class=\" flaticon-business-035-helpline\"><\/i><\/div>\t\t\t\t\t<div class=\"count-box counted\">\r\n\t\t\t\t\t\t\t\t\t<h2 class=\"counter \">\r\n\t<span class=\"animate-number\" data-value=\"9\" data-animation-duration=\"1500\">0<\/span><\/h2>\r\n\t\t\t\t\t\t<\/div>\r\n\t\t\t\t\t<div class=\"title-wrapper\">\r\n\r\n<h4 class=\"title \"># de capas implementadas<\/h4>\r\n<\/div>\t\t\t<\/div>\r\n<\/div>\t\t\t\t<\/div>\n\t\t\t\t<\/div>\n\t\t\t\t\t<\/div>\n\t\t<\/div>\n\t\t\t\t<div class=\"elementor-column elementor-col-33 elementor-inner-column elementor-element elementor-element-2a2acc8 tm-bg-color-over-image\" data-id=\"2a2acc8\" data-element_type=\"column\">\n\t\t\t<div class=\"elementor-widget-wrap elementor-element-populated\">\n\t\t\t\t\t\t<div class=\"elementor-element elementor-element-871ad5f tm-counter-icon-top elementor-widget elementor-widget-tm-ele-counter\" data-id=\"871ad5f\" data-element_type=\"widget\" data-widget_type=\"tm-ele-counter.default\">\n\t\t\t\t<div class=\"elementor-widget-container\">\n\t\t\t\t\t<div class=\"counter-block\">\r\n\t<div class=\"inner\" style=\"--counter-current-style1-bg-featured-image: url('https:\/\/ejecafeterorap.gov.co\/sistemadeinformacion\/wp-content\/plugins\/mascot-core-oitech\/assets\/images\/current-theme\/pattern-1.png')\">\r\n\t\t\t\t\t\t<div class=\"funfact-icon\">\r\n<i aria-hidden=\"true\" class=\" flaticon-business-020-hierarchy\"><\/i><\/div>\t\t\t\t\t<div class=\"count-box counted\">\r\n\t\t\t\t\t\t\t\t\t<h2 class=\"counter \">\r\n\t<span class=\"animate-number\" data-value=\"30\" data-animation-duration=\"1500\">0<\/span><\/h2>\r\n\t\t\t\t\t\t<\/div>\r\n\t\t\t\t\t<div class=\"title-wrapper\">\r\n\r\n<h4 class=\"title \">#  tableros de visualizaci\u00f3n<\/h4>\r\n<\/div>\t\t\t<\/div>\r\n<\/div>\t\t\t\t<\/div>\n\t\t\t\t<\/div>\n\t\t\t\t\t<\/div>\n\t\t<\/div>\n\t\t\t\t\t<\/div>\n\t\t<\/section>\n\t\t\t\t\t<\/div>\n\t\t<\/div>\n\t\t\t\t\t<\/div>\n\t\t<\/section>\n\t\t\t\t<\/div>\n\t\t","protected":false},"excerpt":{"rendered":"<p>0+ Bases de datos NUESTRO Sistema de Informaci\u00f3n RAP Eje Cafetero Un sistema de Informaci\u00f3n georeferenciado es una herramienta digital&#8230;<\/p>\n","protected":false},"author":3,"featured_media":0,"parent":0,"menu_order":0,"comment_status":"closed","ping_status":"closed","template":"","meta":{"footnotes":""},"class_list":["post-10784","page","type-page","status-publish","hentry"],"_links":{"self":[{"href":"https:\/\/ejecafeterorap.gov.co\/sistemadeinformacion\/wp-json\/wp\/v2\/pages\/10784","targetHints":{"allow":["GET"]}}],"collection":[{"href":"https:\/\/ejecafeterorap.gov.co\/sistemadeinformacion\/wp-json\/wp\/v2\/pages"}],"about":[{"href":"https:\/\/ejecafeterorap.gov.co\/sistemadeinformacion\/wp-json\/wp\/v2\/types\/page"}],"author":[{"embeddable":true,"href":"https:\/\/ejecafeterorap.gov.co\/sistemadeinformacion\/wp-json\/wp\/v2\/users\/3"}],"replies":[{"embeddable":true,"href":"https:\/\/ejecafeterorap.gov.co\/sistemadeinformacion\/wp-json\/wp\/v2\/comments?post=10784"}],"version-history":[{"count":5,"href":"https:\/\/ejecafeterorap.gov.co\/sistemadeinformacion\/wp-json\/wp\/v2\/pages\/10784\/revisions"}],"predecessor-version":[{"id":41887,"href":"https:\/\/ejecafeterorap.gov.co\/sistemadeinformacion\/wp-json\/wp\/v2\/pages\/10784\/revisions\/41887"}],"wp:attachment":[{"href":"https:\/\/ejecafeterorap.gov.co\/sistemadeinformacion\/wp-json\/wp\/v2\/media?parent=10784"}],"curies":[{"name":"wp","href":"https:\/\/api.w.org\/{rel}","templated":true}]}}